{"id":1857,"date":"2017-10-11T19:37:15","date_gmt":"2017-10-11T19:37:15","guid":{"rendered":"http:\/\/localhost\/grassy\/?page_id=1857"},"modified":"2025-08-09T08:11:42","modified_gmt":"2025-08-09T08:11:42","slug":"home","status":"publish","type":"page","link":"https:\/\/ugurpakdolum.com\/","title":{"rendered":"Anasayfa"},"content":{"rendered":"<div class=\"wpb-content-wrapper\"><p>[vc_row css=&#8221;.vc_custom_1505294554309{padding-top: 65px !important;padding-bottom: 65px !important;}&#8221; el_id=&#8221;rs-about&#8221; el_class=&#8221;rs-about&#8221;][vc_column css=&#8221;.vc_custom_1505208036130{padding-right: 65px !important;}&#8221;][vc_single_image image=&#8221;3687&#8243; img_size=&#8221;full&#8221;][\/vc_column][\/vc_row][vc_row css=&#8221;.vc_custom_1505294554309{padding-top: 65px !important;padding-bottom: 65px !important;}&#8221; el_class=&#8221;rs-about&#8221;][vc_column width=&#8221;7\/12&#8243; css=&#8221;.vc_custom_1505208036130{padding-right: 65px !important;}&#8221;]\r\n        <div class=\"sec-title  dd\">         \r\n            <h4 style=\"color:\">U\u011eUR PAK DOLUM<\/h4>             \r\n            <h3 style=\"color:\">HAKKIMIZDA<\/h3>        \r\n        <\/div>[vc_column_text css=&#8221;.vc_custom_1630756586044{padding-top: 35px !important;}&#8221;]U\u011furPak ambalaj ve paketleme olarak tek kullan\u0131ml\u0131k \u00fcr\u00fcnlerinizin s\u0131v\u0131 ya da toz olarak istenilen bask\u0131, ebat ve gramajlarda, 1gr ile 50gr aras\u0131nda dolumlar\u0131n\u0131z\u0131 yapabilmekteyiz.<\/p>\n<p>\u00dcr\u00fcnlerimiz hijyenik bir ortamda, el de\u011fmeden, istenilen adetlerde doldurulmakta ve siz de\u011ferli \u00a0m\u00fc\u015fterilerimizin memnuniyetini ve takdirini kazanmak i\u00e7in elimizden gelen \u00e7aba ve gayreti g\u00f6stererek, sizlere en iyisini ve kalitelisini sunmaktay\u0131z.<\/p>\n<p>Toz(Kuru) dolum olarak, her t\u00fcrl\u00fc baharat \u00e7e\u015fitlerini, \u015feker, kahve, g\u0131da takviyeleri, hindistan cevizi, un vb. \u00fcr\u00fcnleri, kilo ald\u0131r\u0131c\u0131 ve zay\u0131flat\u0131c\u0131 \u00fcr\u00fcnleri, toz i\u00e7ecek ve enerji takviyeleri gibi bir \u00e7ok \u00fcr\u00fcnlerin dolumunu yapmaktay\u0131z.<\/p>\n<p>S\u0131v\u0131 dolum olarak, nar ek\u015fisi, pekmez, bal, zeytinya\u011f\u0131, sos \u00e7e\u015fitleri, ket\u00e7ap, mayonez vb. bir \u00e7ok g\u0131da \u00fcr\u00fcn\u00fcn\u00fc ayr\u0131ca g\u0131da d\u0131\u015f\u0131 \u00fcr\u00fcnlerde de \u015fampuan, krem, cilt ve y\u00fcz maskeleri, s\u0131v\u0131 sabun vb. ak\u0131c\u0131 olan b\u00fct\u00fcn \u00fcr\u00fcnlerin dolumunu ister bask\u0131l\u0131 ister bask\u0131s\u0131z olarak, kaliteli ambalaj ve bask\u0131 kullanarak, istenilen ebat ve gramajda dolumunu yaparak, en k\u0131sa s\u00fcrede teslim etmekteyiz.<\/p>\n<p>Firmam\u0131za s\u0131v\u0131 ya da toz olarak paketletmi\u015f oldu\u011funuz \u00fcr\u00fcnlerin \u00f6n ve arka y\u00fczlerine yap\u0131lan bask\u0131 sayesinde firman\u0131z\u0131n reklam\u0131n\u0131 ve \u00fcr\u00fcnlerinizin tan\u0131t\u0131m\u0131n\u0131 en etkili \u015fekilde daha fazla t\u00fcketiciye ula\u015farak yapabilirsiniz.<\/p>\n<p>Ayr\u0131ca tek kullan\u0131ml\u0131k \u00fcr\u00fcnlerin ta\u015f\u0131nmas\u0131 ve kullan\u0131m\u0131 daha kolay ve pratik olmas\u0131ndan dolay\u0131 da tercih edilmektedir.<\/p>\n<p>G\u00fcn\u00fcm\u00fczde tek kullan\u0131ml\u0131k \u00fcr\u00fcnlere olan talep olduk\u00e7a artm\u0131\u015ft\u0131r, hastal\u0131klar\u0131n yayg\u0131nla\u015fmas\u0131, hijyen ve temizlik konusunda t\u00fcketicilerin daha da dikkatli davranmas\u0131n\u0131 neden olmu\u015ftur, bu da tek kullan\u0131ml\u0131k \u00fcr\u00fcnlerin yani kullan at \u015feklinde tek seferlik \u00fcr\u00fcnlerin \u00f6nemini bir kez daha bizlere g\u00f6stermi\u015ftir[\/vc_column_text][\/vc_column][vc_column width=&#8221;5\/12&#8243;][vc_single_image image=&#8221;3659&#8243; img_size=&#8221;full&#8221;][\/vc_column][\/vc_row][vc_row full_width=&#8221;stretch_row&#8221; el_id=&#8221;rs-cta&#8221; el_class=&#8221;rs-cta&#8221; css=&#8221;.vc_custom_1515745372760{padding-top: 30px !important;padding-bottom: 35px !important;}&#8221;][vc_column width=&#8221;2\/3&#8243;][vc_custom_heading text=&#8221;Firmam\u0131z ile ileti\u015fime Ge\u00e7in &gt;&#8221; font_container=&#8221;tag:h2|font_size:36px|text_align:left|color:%23ffffff&#8221; google_fonts=&#8221;font_family:Open%20Sans%3A300%2C300italic%2Cregular%2Citalic%2C600%2C600italic%2C700%2C700italic%2C800%2C800italic|font_style:400%20regular%3A400%3Anormal&#8221; css=&#8221;.vc_custom_1630756619528{margin-top: 0px !important;margin-bottom: 0px !important;padding-top: 10px !important;padding-bottom: 0px !important;}&#8221;][\/vc_column][vc_column width=&#8221;1\/3&#8243; css=&#8221;.vc_custom_1515745379225{padding-bottom: 7px !important;}&#8221;][vc_btn title=&#8221;\u0130leti\u015fim&#8221; style=&#8221;outline-custom&#8221; outline_custom_color=&#8221;#ffffff&#8221; outline_custom_hover_background=&#8221;#f7f7f7&#8243; outline_custom_hover_text=&#8221;#4caf50&#8243; shape=&#8221;square&#8221; align=&#8221;right&#8221; link=&#8221;url:http%3A%2F%2Fugurpakdolum.com%2F%3Fpage_id%3D3648|title:%C4%B0leti%C5%9Fim||&#8221;][\/vc_column][\/vc_row]<\/p>\n<\/div>","protected":false},"excerpt":{"rendered":"<p>[vc_row css=&#8221;.vc_custom_1505294554309{padding-top: 65px !important;padding-bottom: 65px !important;}&#8221; el_id=&#8221;rs-about&#8221; el_class=&#8221;rs-about&#8221;][vc_column css=&#8221;.vc_custom_1505208036130{padding-right: 65px !important;}&#8221;][vc_single_image image=&#8221;3687&#8243; img_size=&#8221;full&#8221;][\/vc_column][\/vc_row][vc_row css=&#8221;.vc_custom_1505294554309{padding-top: 65px !important;padding-bottom: 65px !important;}&#8221; el_class=&#8221;rs-about&#8221;][vc_column width=&#8221;7\/12&#8243;&#8230;<\/p>\n","protected":false},"author":1,"featured_media":0,"parent":0,"menu_order":0,"comment_status":"closed","ping_status":"closed","template":"","meta":{"_joinchat":[],"footnotes":""},"class_list":["post-1857","page","type-page","status-publish","hentry"],"_links":{"self":[{"href":"https:\/\/ugurpakdolum.com\/index.php?rest_route=\/wp\/v2\/pages\/1857","targetHints":{"allow":["GET"]}}],"collection":[{"href":"https:\/\/ugurpakdolum.com\/index.php?rest_route=\/wp\/v2\/pages"}],"about":[{"href":"https:\/\/ugurpakdolum.com\/index.php?rest_route=\/wp\/v2\/types\/page"}],"author":[{"embeddable":true,"href":"https:\/\/ugurpakdolum.com\/index.php?rest_route=\/wp\/v2\/users\/1"}],"replies":[{"embeddable":true,"href":"https:\/\/ugurpakdolum.com\/index.php?rest_route=%2Fwp%2Fv2%2Fcomments&post=1857"}],"version-history":[{"count":4,"href":"https:\/\/ugurpakdolum.com\/index.php?rest_route=\/wp\/v2\/pages\/1857\/revisions"}],"predecessor-version":[{"id":3761,"href":"https:\/\/ugurpakdolum.com\/index.php?rest_route=\/wp\/v2\/pages\/1857\/revisions\/3761"}],"wp:attachment":[{"href":"https:\/\/ugurpakdolum.com\/index.php?rest_route=%2Fwp%2Fv2%2Fmedia&parent=1857"}],"curies":[{"name":"wp","href":"https:\/\/api.w.org\/{rel}","templated":true}]}}