{"id":3648,"date":"2021-09-04T11:48:34","date_gmt":"2021-09-04T11:48:34","guid":{"rendered":"http:\/\/ugurpakdolum.com\/?page_id=3648"},"modified":"2021-09-04T11:48:34","modified_gmt":"2021-09-04T11:48:34","slug":"iletisim","status":"publish","type":"page","link":"https:\/\/ugurpakdolum.com\/?page_id=3648","title":{"rendered":"\u0130leti\u015fim"},"content":{"rendered":"<p style=\"text-align: center;\"><strong>ADRES<\/strong><\/p>\r\n<p style=\"text-align: center;\">\u0130vedik osb. G\u00fclery\u00fcz Sanayi Sitesi (Eski 1353. Cad.) Yeni 1329. Cad. No:51 Kat:1 \u0130vedik (Yenimahalle\/Ankara)<\/p>\r\n<p style=\"text-align: center;\"><!-- \/wp:post-content --><!-- wp:paragraph --><\/p>\r\n<p style=\"text-align: center;\"><!-- \/wp:paragraph --><!-- wp:paragraph --><\/p>\r\n<p style=\"text-align: center;\"><a href=\"mailto:ugurpak.ambalaj@gmail.com\">ugurpak.ambalaj@gmail.com<\/a><\/p>\r\n<p style=\"text-align: center;\"><!-- \/wp:paragraph --><!-- wp:paragraph --><\/p>\r\n<p style=\"text-align: center;\">\u00a0\u00a0\u00a0\u00a0 <strong>TELEFON<\/strong><\/p>\r\n<p style=\"text-align: center;\">0546 863 98 71<\/p>","protected":false},"excerpt":{"rendered":"<p>ADRES \u0130vedik osb. G\u00fclery\u00fcz Sanayi Sitesi (Eski 1353. Cad.) Yeni 1329. Cad. No:51 Kat:1 \u0130vedik (Yenimahalle\/Ankara) ugurpak.ambalaj@gmail.com \u00a0\u00a0\u00a0\u00a0 TELEFON 0546&#8230;<\/p>\n","protected":false},"author":1,"featured_media":0,"parent":0,"menu_order":0,"comment_status":"closed","ping_status":"closed","template":"","meta":{"_joinchat":[],"footnotes":""},"class_list":["post-3648","page","type-page","status-publish","hentry"],"_links":{"self":[{"href":"https:\/\/ugurpakdolum.com\/index.php?rest_route=\/wp\/v2\/pages\/3648","targetHints":{"allow":["GET"]}}],"collection":[{"href":"https:\/\/ugurpakdolum.com\/index.php?rest_route=\/wp\/v2\/pages"}],"about":[{"href":"https:\/\/ugurpakdolum.com\/index.php?rest_route=\/wp\/v2\/types\/page"}],"author":[{"embeddable":true,"href":"https:\/\/ugurpakdolum.com\/index.php?rest_route=\/wp\/v2\/users\/1"}],"replies":[{"embeddable":true,"href":"https:\/\/ugurpakdolum.com\/index.php?rest_route=%2Fwp%2Fv2%2Fcomments&post=3648"}],"version-history":[{"count":1,"href":"https:\/\/ugurpakdolum.com\/index.php?rest_route=\/wp\/v2\/pages\/3648\/revisions"}],"predecessor-version":[{"id":3649,"href":"https:\/\/ugurpakdolum.com\/index.php?rest_route=\/wp\/v2\/pages\/3648\/revisions\/3649"}],"wp:attachment":[{"href":"https:\/\/ugurpakdolum.com\/index.php?rest_route=%2Fwp%2Fv2%2Fmedia&parent=3648"}],"curies":[{"name":"wp","href":"https:\/\/api.w.org\/{rel}","templated":true}]}}